{"id":2,"date":"2014-07-15T15:37:10","date_gmt":"2014-07-15T13:37:10","guid":{"rendered":"http:\/\/xn--jan-lichtenthler-7nb.de\/wordpress\/?page_id=2"},"modified":"2014-08-28T14:02:54","modified_gmt":"2014-08-28T12:02:54","slug":"beispiel-seite","status":"publish","type":"page","link":"http:\/\/xn--jan-lichtenthler-7nb.de\/","title":{"rendered":"Herzlich willkommen!"},"content":{"rendered":"<p>&nbsp;<\/p>\n<h5>Ich freue mich, Sie auf meiner Webseite begr\u00fc\u00dfen zu d\u00fcrfen!<\/p>\n<p>Meine Leistungen umfassen die professionelle &#8211; und vor allem fachkundige und artgerechte &#8211; Entfernung und Umsiedlung von Wespen- und Hornissennestern. Dauerhaft und zuverl\u00e4ssig.<\/p>\n<p>Die in diesem Zusammenhang zu erbringenden T\u00e4tigkeiten erfordern neben ausgepr\u00e4gter Sachkenntnis und einem tiefen Verst\u00e4ndnis von Natur und Umwelt auch entsprechende Genehmigungen durch die Aufsichtsbeh\u00f6rden und kommunalen Verwaltungen.<\/p>\n<p>Wenn Sie also entsprechenden Bedarf haben oder sich mit Fragen zum Thema Wespen- und Hornissen-Umsiedlung besch\u00e4ftigen, stehe ich Ihnen gerne jederzeit mit Rat und Tat zur Verf\u00fcgung und freue mich auf Ihre <a title=\"Anfrageformular\" href=\"http:\/\/xn--jan-lichtenthler-7nb.de\/?page_id=26\">Kontaktaufnahme<\/a>.<\/h5>\n<h4 style=\"text-align: right;\">Ihr Jan Lichtenth\u00e4ler<\/h4>\n","protected":false},"excerpt":{"rendered":"<p>&nbsp; Ich freue mich, Sie auf meiner Webseite begr\u00fc\u00dfen zu d\u00fcrfen! Meine Leistungen umfassen die professionelle &#8211; und vor allem fachkundige und artgerechte &#8211; Entfernung und Umsiedlung von Wespen- und Hornissennestern. Dauerhaft und zuverl\u00e4ssig. Die in diesem Zusammenhang zu erbringenden T\u00e4tigkeiten erfordern neben ausgepr\u00e4gter Sachkenntnis und einem tiefen Verst\u00e4ndnis von Natur und Umwelt auch entsprechende [&hellip;]<\/p>\n","protected":false},"author":1,"featured_media":0,"parent":0,"menu_order":0,"comment_status":"closed","ping_status":"closed","template":"","meta":{"footnotes":""},"_links":{"self":[{"href":"http:\/\/xn--jan-lichtenthler-7nb.de\/index.php?rest_route=\/wp\/v2\/pages\/2"}],"collection":[{"href":"http:\/\/xn--jan-lichtenthler-7nb.de\/index.php?rest_route=\/wp\/v2\/pages"}],"about":[{"href":"http:\/\/xn--jan-lichtenthler-7nb.de\/index.php?rest_route=\/wp\/v2\/types\/page"}],"author":[{"embeddable":true,"href":"http:\/\/xn--jan-lichtenthler-7nb.de\/index.php?rest_route=\/wp\/v2\/users\/1"}],"replies":[{"embeddable":true,"href":"http:\/\/xn--jan-lichtenthler-7nb.de\/index.php?rest_route=%2Fwp%2Fv2%2Fcomments&post=2"}],"version-history":[{"count":37,"href":"http:\/\/xn--jan-lichtenthler-7nb.de\/index.php?rest_route=\/wp\/v2\/pages\/2\/revisions"}],"predecessor-version":[{"id":159,"href":"http:\/\/xn--jan-lichtenthler-7nb.de\/index.php?rest_route=\/wp\/v2\/pages\/2\/revisions\/159"}],"wp:attachment":[{"href":"http:\/\/xn--jan-lichtenthler-7nb.de\/index.php?rest_route=%2Fwp%2Fv2%2Fmedia&parent=2"}],"curies":[{"name":"wp","href":"https:\/\/api.w.org\/{rel}","templated":true}]}}