{"id":43,"date":"2014-07-17T13:00:07","date_gmt":"2014-07-17T11:00:07","guid":{"rendered":"http:\/\/xn--jan-lichtenthler-7nb.de\/?page_id=43"},"modified":"2025-10-23T11:42:52","modified_gmt":"2025-10-23T09:42:52","slug":"wissenswertes","status":"publish","type":"page","link":"https:\/\/xn--jan-lichtenthler-7nb.de\/?page_id=43","title":{"rendered":"Leistungen und Wissenswertes"},"content":{"rendered":"<div id=\"attachment_124\" style=\"width: 160px\" class=\"wp-caption alignright\"><a href=\"http:\/\/xn--jan-lichtenthler-7nb.de\/wordpress\/wp-content\/uploads\/2014\/07\/Foto-1-1-e1409126802507.jpg\"><img loading=\"lazy\" decoding=\"async\" aria-describedby=\"caption-attachment-124\" class=\"wp-image-124 size-thumbnail\" src=\"http:\/\/xn--jan-lichtenthler-7nb.de\/wordpress\/wp-content\/uploads\/2014\/07\/Foto-1-1-e1409126802507-150x150.jpg\" alt=\"Besucher unterm Dach....\" width=\"150\" height=\"150\" srcset=\"https:\/\/xn--jan-lichtenthler-7nb.de\/wordpress\/wp-content\/uploads\/2014\/07\/Foto-1-1-e1409126802507-150x150.jpg 150w, https:\/\/xn--jan-lichtenthler-7nb.de\/wordpress\/wp-content\/uploads\/2014\/07\/Foto-1-1-e1409126802507-110x110.jpg 110w\" sizes=\"(max-width: 150px) 100vw, 150px\" \/><\/a><p id=\"caption-attachment-124\" class=\"wp-caption-text\">Besucher unterm Dach&#8230;.<\/p><\/div>\n<p>Die Entfernung und Umsiedelung von Wespen- und Hornissennestern erfordert neben der reinen Sachkenntnis und fachlichen Kompetenz in der Regel auch die verbindliche Erf\u00fcllung einiger formaler Voraussetzungen.<\/p>\n<p><strong>Zertifizierung<\/strong><\/p>\n<p>Hierzu geh\u00f6rt ein Nachweis in Form einer sogenannten <a title=\"Sachkundenachweis\" href=\"http:\/\/xn--jan-lichtenthler-7nb.de\/?page_id=108\">Sachkundebescheinigung<\/a> durch ein autorisiertes Institut. Seit dem Jahr 2014 verf\u00fcge ich nach erfolgreicher Schulungsteilnahme \u00fcber eine solche Bescheinigung, ausgestellt durch die <a href=\"http:\/\/www.fht-dsm.com\/\" target=\"_blank\" rel=\"noopener noreferrer\">Fachschule f\u00fcr Hygienetechnik<\/a> in Bad Kreuznach.<\/p>\n<hr \/>\n<p><strong>Genehmigung<\/strong><\/p>\n<p>Die Zertifizierung ist die Grundlage und Voraussetzung f\u00fcr die Genehmigung durch die <a href=\"http:\/\/www.kreis-altenkirchen.de\/index.php?object=tx|2154.10&amp;ModID=10&amp;FID=2154.93.1\" target=\"_blank\" rel=\"noopener noreferrer\">Kreisverwaltung<\/a> und <a href=\"http:\/\/sgdnord.rlp.de\/\" target=\"_blank\" rel=\"noopener noreferrer\">Struktur- und Genehmigungsdirektion Nord<\/a> (SGD) zur Erbringung der notwendigen Leistungen. Im Kreis Altenkirchen gibt es lediglich einige wenige Personen, die \u00fcber eine gleichwertige Berechtigung verf\u00fcgen. Das eigenm\u00e4chtige oder durch nicht hierzu autorisierte Personen durchgef\u00fchrte Entfernen von Wespen- oder Hornissennestern ist strikt verboten.<\/p>\n<hr \/>\n<p><strong>Versicherungen und Kosten\u00fcbernahme<\/strong><\/p>\n<p>Manche Versicherungen \u00fcbernehmen die Kosten f\u00fcr die Beseitigung von entsprechenden Sch\u00e4den durch Wespen oder Hornissen und deren Entfernung. Diese Leistungen k\u00f6nnen Teil einer Hausratversicherung sein oder als Sonderschutzbrief separat vereinbart werden. Gerne stehe ich Ihnen auch in diesen Fragen mit Rat und Tat zur Seite.<\/p>\n<hr \/>\n<p><strong>Zwei Beispiele einer erfolgreichen Hornissennest-Umsiedlungen<br \/>\n<\/strong><\/p>\n\n\t\t<style type=\"text\/css\">\n\t\t\t#gallery-1 {\n\t\t\t\tmargin: auto;\n\t\t\t}\n\t\t\t#gallery-1 .gallery-item {\n\t\t\t\tfloat: left;\n\t\t\t\tmargin-top: 10px;\n\t\t\t\ttext-align: center;\n\t\t\t\twidth: 33%;\n\t\t\t}\n\t\t\t#gallery-1 img {\n\t\t\t\tborder: 2px solid #cfcfcf;\n\t\t\t}\n\t\t\t#gallery-1 .gallery-caption {\n\t\t\t\tmargin-left: 0;\n\t\t\t}\n\t\t\t\/* see gallery_shortcode() in wp-includes\/media.php *\/\n\t\t<\/style>\n\t\t<div id='gallery-1' class='gallery galleryid-43 gallery-columns-3 gallery-size-thumbnail'><dl class='gallery-item'>\n\t\t\t<dt class='gallery-icon portrait'>\n\t\t\t\t<a href='https:\/\/xn--jan-lichtenthler-7nb.de\/wordpress\/wp-content\/uploads\/2014\/07\/image4.jpeg'><img loading=\"lazy\" decoding=\"async\" width=\"150\" height=\"150\" src=\"https:\/\/xn--jan-lichtenthler-7nb.de\/wordpress\/wp-content\/uploads\/2014\/07\/image4-150x150.jpeg\" class=\"attachment-thumbnail size-thumbnail\" alt=\"\" srcset=\"https:\/\/xn--jan-lichtenthler-7nb.de\/wordpress\/wp-content\/uploads\/2014\/07\/image4-150x150.jpeg 150w, https:\/\/xn--jan-lichtenthler-7nb.de\/wordpress\/wp-content\/uploads\/2014\/07\/image4-110x110.jpeg 110w\" sizes=\"(max-width: 150px) 100vw, 150px\" \/><\/a>\n\t\t\t<\/dt><\/dl><dl class='gallery-item'>\n\t\t\t<dt class='gallery-icon portrait'>\n\t\t\t\t<a href='https:\/\/xn--jan-lichtenthler-7nb.de\/wordpress\/wp-content\/uploads\/2014\/07\/image5.jpeg'><img loading=\"lazy\" decoding=\"async\" width=\"150\" height=\"150\" src=\"https:\/\/xn--jan-lichtenthler-7nb.de\/wordpress\/wp-content\/uploads\/2014\/07\/image5-150x150.jpeg\" class=\"attachment-thumbnail size-thumbnail\" alt=\"\" srcset=\"https:\/\/xn--jan-lichtenthler-7nb.de\/wordpress\/wp-content\/uploads\/2014\/07\/image5-150x150.jpeg 150w, https:\/\/xn--jan-lichtenthler-7nb.de\/wordpress\/wp-content\/uploads\/2014\/07\/image5-110x110.jpeg 110w\" sizes=\"(max-width: 150px) 100vw, 150px\" \/><\/a>\n\t\t\t<\/dt><\/dl><dl class='gallery-item'>\n\t\t\t<dt class='gallery-icon portrait'>\n\t\t\t\t<a href='https:\/\/xn--jan-lichtenthler-7nb.de\/wordpress\/wp-content\/uploads\/2014\/07\/image6.jpeg'><img loading=\"lazy\" decoding=\"async\" width=\"150\" height=\"150\" src=\"https:\/\/xn--jan-lichtenthler-7nb.de\/wordpress\/wp-content\/uploads\/2014\/07\/image6-150x150.jpeg\" class=\"attachment-thumbnail size-thumbnail\" alt=\"\" srcset=\"https:\/\/xn--jan-lichtenthler-7nb.de\/wordpress\/wp-content\/uploads\/2014\/07\/image6-150x150.jpeg 150w, https:\/\/xn--jan-lichtenthler-7nb.de\/wordpress\/wp-content\/uploads\/2014\/07\/image6-110x110.jpeg 110w\" sizes=\"(max-width: 150px) 100vw, 150px\" \/><\/a>\n\t\t\t<\/dt><\/dl><br style=\"clear: both\" \/><dl class='gallery-item'>\n\t\t\t<dt class='gallery-icon portrait'>\n\t\t\t\t<a href='https:\/\/xn--jan-lichtenthler-7nb.de\/wordpress\/wp-content\/uploads\/2014\/07\/image3.jpeg'><img loading=\"lazy\" decoding=\"async\" width=\"150\" height=\"150\" src=\"https:\/\/xn--jan-lichtenthler-7nb.de\/wordpress\/wp-content\/uploads\/2014\/07\/image3-150x150.jpeg\" class=\"attachment-thumbnail size-thumbnail\" alt=\"\" srcset=\"https:\/\/xn--jan-lichtenthler-7nb.de\/wordpress\/wp-content\/uploads\/2014\/07\/image3-150x150.jpeg 150w, https:\/\/xn--jan-lichtenthler-7nb.de\/wordpress\/wp-content\/uploads\/2014\/07\/image3-110x110.jpeg 110w\" sizes=\"(max-width: 150px) 100vw, 150px\" \/><\/a>\n\t\t\t<\/dt><\/dl><dl class='gallery-item'>\n\t\t\t<dt class='gallery-icon portrait'>\n\t\t\t\t<a href='https:\/\/xn--jan-lichtenthler-7nb.de\/wordpress\/wp-content\/uploads\/2014\/07\/image7.jpeg'><img loading=\"lazy\" decoding=\"async\" width=\"150\" height=\"150\" src=\"https:\/\/xn--jan-lichtenthler-7nb.de\/wordpress\/wp-content\/uploads\/2014\/07\/image7-150x150.jpeg\" class=\"attachment-thumbnail size-thumbnail\" alt=\"\" srcset=\"https:\/\/xn--jan-lichtenthler-7nb.de\/wordpress\/wp-content\/uploads\/2014\/07\/image7-150x150.jpeg 150w, https:\/\/xn--jan-lichtenthler-7nb.de\/wordpress\/wp-content\/uploads\/2014\/07\/image7-110x110.jpeg 110w\" sizes=\"(max-width: 150px) 100vw, 150px\" \/><\/a>\n\t\t\t<\/dt><\/dl><dl class='gallery-item'>\n\t\t\t<dt class='gallery-icon portrait'>\n\t\t\t\t<a href='https:\/\/xn--jan-lichtenthler-7nb.de\/wordpress\/wp-content\/uploads\/2014\/07\/image2.jpeg'><img loading=\"lazy\" decoding=\"async\" width=\"150\" height=\"150\" src=\"https:\/\/xn--jan-lichtenthler-7nb.de\/wordpress\/wp-content\/uploads\/2014\/07\/image2-150x150.jpeg\" class=\"attachment-thumbnail size-thumbnail\" alt=\"\" srcset=\"https:\/\/xn--jan-lichtenthler-7nb.de\/wordpress\/wp-content\/uploads\/2014\/07\/image2-150x150.jpeg 150w, https:\/\/xn--jan-lichtenthler-7nb.de\/wordpress\/wp-content\/uploads\/2014\/07\/image2-110x110.jpeg 110w\" sizes=\"(max-width: 150px) 100vw, 150px\" \/><\/a>\n\t\t\t<\/dt><\/dl><br style=\"clear: both\" \/>\n\t\t<\/div>\n\n","protected":false},"excerpt":{"rendered":"<p>Die Entfernung und Umsiedelung von Wespen- und Hornissennestern erfordert neben der reinen Sachkenntnis und fachlichen Kompetenz in der Regel auch die verbindliche Erf\u00fcllung einiger formaler Voraussetzungen. Zertifizierung Hierzu geh\u00f6rt ein Nachweis in Form einer sogenannten Sachkundebescheinigung durch ein autorisiertes Institut. Seit dem Jahr 2014 verf\u00fcge ich nach erfolgreicher Schulungsteilnahme \u00fcber eine solche Bescheinigung, ausgestellt durch [&hellip;]<\/p>\n","protected":false},"author":1,"featured_media":0,"parent":0,"menu_order":2,"comment_status":"closed","ping_status":"closed","template":"","meta":{"footnotes":""},"_links":{"self":[{"href":"https:\/\/xn--jan-lichtenthler-7nb.de\/index.php?rest_route=\/wp\/v2\/pages\/43"}],"collection":[{"href":"https:\/\/xn--jan-lichtenthler-7nb.de\/index.php?rest_route=\/wp\/v2\/pages"}],"about":[{"href":"https:\/\/xn--jan-lichtenthler-7nb.de\/index.php?rest_route=\/wp\/v2\/types\/page"}],"author":[{"embeddable":true,"href":"https:\/\/xn--jan-lichtenthler-7nb.de\/index.php?rest_route=\/wp\/v2\/users\/1"}],"replies":[{"embeddable":true,"href":"https:\/\/xn--jan-lichtenthler-7nb.de\/index.php?rest_route=%2Fwp%2Fv2%2Fcomments&post=43"}],"version-history":[{"count":43,"href":"https:\/\/xn--jan-lichtenthler-7nb.de\/index.php?rest_route=\/wp\/v2\/pages\/43\/revisions"}],"predecessor-version":[{"id":246,"href":"https:\/\/xn--jan-lichtenthler-7nb.de\/index.php?rest_route=\/wp\/v2\/pages\/43\/revisions\/246"}],"wp:attachment":[{"href":"https:\/\/xn--jan-lichtenthler-7nb.de\/index.php?rest_route=%2Fwp%2Fv2%2Fmedia&parent=43"}],"curies":[{"name":"wp","href":"https:\/\/api.w.org\/{rel}","templated":true}]}}