{"id":9,"date":"2014-07-16T08:28:25","date_gmt":"2014-07-16T06:28:25","guid":{"rendered":"http:\/\/xn--jan-lichtenthler-7nb.de\/?page_id=9"},"modified":"2025-07-15T16:25:34","modified_gmt":"2025-07-15T14:25:34","slug":"kontakt","status":"publish","type":"page","link":"https:\/\/xn--jan-lichtenthler-7nb.de\/?page_id=9","title":{"rendered":"Kontakt &#038; Impressum"},"content":{"rendered":"<h5><strong>Jan Lichtenth\u00e4ler<\/strong><\/h5>\n<p>Im Oberdorf 8<br \/>\n<a href=\"http:\/\/www.gemeinde-ersfeld.de\" target=\"_blank\" rel=\"noopener noreferrer\">57635 Ersfeld<\/a><\/p>\n<p>Tel.: 02686-8979110<br \/>\noder 02686-8979112<\/p>\n<p><a href=\"mailto:info@jan-lichtenthaeler.de\">info(at)jan-lichtenth\u00e4ler.de<\/a><\/p>\n<p>Verantwortlich f\u00fcr den Inhalt dieser Webseite im Sinne des \u00a7\u00a05 TMG: Jan Lichtenth\u00e4ler.<\/p>\n<p>Trotz sorgf\u00e4ltiger Kontrollen wird keinerlei Verantwortung oder Haftung f\u00fcr Inhalt oder Form verlinkter, externer Webseiten \u00fcbernommen. Hierf\u00fcr sind ausschlie\u00dflich deren Betreiber verantwortlich.<\/p>\n<p>Eine Haftung f\u00fcr Richtigkeit und Vollst\u00e4ndigkeit der Angaben auf dieser Webseite wird nicht \u00fcbernommen. Irrtum und \u00c4nderungen vorbehalten.<\/p>\n<p>Alle Rechte vorbehalten. \u00a9 Copyright 2014-2025. Letzte Bearbeitung: Juli 2025.<\/p>\n","protected":false},"excerpt":{"rendered":"<p>Jan Lichtenth\u00e4ler Im Oberdorf 8 57635 Ersfeld Tel.: 02686-8979110 oder 02686-8979112 info(at)jan-lichtenth\u00e4ler.de Verantwortlich f\u00fcr den Inhalt dieser Webseite im Sinne des \u00a7\u00a05 TMG: Jan Lichtenth\u00e4ler. Trotz sorgf\u00e4ltiger Kontrollen wird keinerlei Verantwortung oder Haftung f\u00fcr Inhalt oder Form verlinkter, externer Webseiten \u00fcbernommen. Hierf\u00fcr sind ausschlie\u00dflich deren Betreiber verantwortlich. Eine Haftung f\u00fcr Richtigkeit und Vollst\u00e4ndigkeit der Angaben [&hellip;]<\/p>\n","protected":false},"author":1,"featured_media":0,"parent":0,"menu_order":10,"comment_status":"closed","ping_status":"closed","template":"","meta":{"footnotes":""},"_links":{"self":[{"href":"https:\/\/xn--jan-lichtenthler-7nb.de\/index.php?rest_route=\/wp\/v2\/pages\/9"}],"collection":[{"href":"https:\/\/xn--jan-lichtenthler-7nb.de\/index.php?rest_route=\/wp\/v2\/pages"}],"about":[{"href":"https:\/\/xn--jan-lichtenthler-7nb.de\/index.php?rest_route=\/wp\/v2\/types\/page"}],"author":[{"embeddable":true,"href":"https:\/\/xn--jan-lichtenthler-7nb.de\/index.php?rest_route=\/wp\/v2\/users\/1"}],"replies":[{"embeddable":true,"href":"https:\/\/xn--jan-lichtenthler-7nb.de\/index.php?rest_route=%2Fwp%2Fv2%2Fcomments&post=9"}],"version-history":[{"count":21,"href":"https:\/\/xn--jan-lichtenthler-7nb.de\/index.php?rest_route=\/wp\/v2\/pages\/9\/revisions"}],"predecessor-version":[{"id":236,"href":"https:\/\/xn--jan-lichtenthler-7nb.de\/index.php?rest_route=\/wp\/v2\/pages\/9\/revisions\/236"}],"wp:attachment":[{"href":"https:\/\/xn--jan-lichtenthler-7nb.de\/index.php?rest_route=%2Fwp%2Fv2%2Fmedia&parent=9"}],"curies":[{"name":"wp","href":"https:\/\/api.w.org\/{rel}","templated":true}]}}